{"id":4533,"date":"2018-07-17T16:50:40","date_gmt":"2018-07-17T15:50:40","guid":{"rendered":"https:\/\/www.mielcafedesign.com\/cwdesign\/?page_id=13"},"modified":"2019-01-21T10:19:24","modified_gmt":"2019-01-21T09:19:24","slug":"proposta-di-matrimonio","status":"publish","type":"page","link":"https:\/\/www.caterinaweddings.com\/it\/servizi\/proposta-di-matrimonio\/","title":{"rendered":"Proposal"},"content":{"rendered":"<div id=\"pl-4533\"  class=\"panel-layout\" ><div id=\"pg-4533-0\"  class=\"panel-grid panel-has-style\" ><div class=\"margin back2 back3 panel-row-style panel-row-style-for-4533-0\" id=\"service-intro-img\" ><div id=\"pgc-4533-0-0\"  class=\"panel-grid-cell\" ><div id=\"panel-4533-0-0-0\" class=\"so-panel widget widget_sow-image panel-first-child panel-last-child\" data-index=\"0\" ><div\n\t\t\t\n\t\t\tclass=\"so-widget-sow-image so-widget-sow-image-default-8b5b6f678277-4533\"\n\t\t\t\n\t\t>\n\n<div class=\"sow-image-container\">\n\t\t<img decoding=\"async\" src=\"https:\/\/www.caterinaweddings.com\/it\/wp-content\/uploads\/sites\/2\/2019\/01\/Caterina-Weddings-Servizio-Proposal.jpg\" width=\"1200\" height=\"800\" srcset=\"https:\/\/www.caterinaweddings.com\/it\/wp-content\/uploads\/sites\/2\/2019\/01\/Caterina-Weddings-Servizio-Proposal.jpg 1200w, https:\/\/www.caterinaweddings.com\/it\/wp-content\/uploads\/sites\/2\/2019\/01\/Caterina-Weddings-Servizio-Proposal-300x200.jpg 300w, https:\/\/www.caterinaweddings.com\/it\/wp-content\/uploads\/sites\/2\/2019\/01\/Caterina-Weddings-Servizio-Proposal-768x512.jpg 768w, https:\/\/www.caterinaweddings.com\/it\/wp-content\/uploads\/sites\/2\/2019\/01\/Caterina-Weddings-Servizio-Proposal-1024x683.jpg 1024w, https:\/\/www.caterinaweddings.com\/it\/wp-content\/uploads\/sites\/2\/2019\/01\/Caterina-Weddings-Servizio-Proposal-250x167.jpg 250w, https:\/\/www.caterinaweddings.com\/it\/wp-content\/uploads\/sites\/2\/2019\/01\/Caterina-Weddings-Servizio-Proposal-550x367.jpg 550w, https:\/\/www.caterinaweddings.com\/it\/wp-content\/uploads\/sites\/2\/2019\/01\/Caterina-Weddings-Servizio-Proposal-800x533.jpg 800w, https:\/\/www.caterinaweddings.com\/it\/wp-content\/uploads\/sites\/2\/2019\/01\/Caterina-Weddings-Servizio-Proposal-270x180.jpg 270w, https:\/\/www.caterinaweddings.com\/it\/wp-content\/uploads\/sites\/2\/2019\/01\/Caterina-Weddings-Servizio-Proposal-450x300.jpg 450w, https:\/\/www.caterinaweddings.com\/it\/wp-content\/uploads\/sites\/2\/2019\/01\/Caterina-Weddings-Servizio-Proposal-750x500.jpg 750w, https:\/\/www.caterinaweddings.com\/it\/wp-content\/uploads\/sites\/2\/2019\/01\/Caterina-Weddings-Servizio-Proposal-272x182.jpg 272w\" sizes=\"(max-width: 1200px) 100vw, 1200px\" alt=\"\" loading=\"lazy\" \t\tclass=\"so-widget-image\"\/>\n\t<\/div>\n\n<\/div><\/div><\/div><\/div><\/div><div id=\"pg-4533-1\"  class=\"panel-grid panel-has-style\" ><div class=\"overlay margin panel-row-style panel-row-style-for-4533-1\" id=\"page-txt\" ><div id=\"pgc-4533-1-0\"  class=\"panel-grid-cell\" ><div id=\"panel-4533-1-0-0\" class=\"so-panel widget widget_sow-editor panel-first-child panel-last-child\" data-index=\"1\" ><div\n\t\t\t\n\t\t\tclass=\"so-widget-sow-editor so-widget-sow-editor-base\"\n\t\t\t\n\t\t>\n<div class=\"siteorigin-widget-tinymce textwidget\">\n\t<p>Proposal \u00e8 la parola inglese che indica la Proposta di Matrimonio!<br \/>Ed \u00e8 quel momento perfetto ed incredibilmente romantico in cui un ragazzo o una ragazza chiede alla persona che ama di passare il resto della vita insieme.<\/p>\n<p>Come nei film in cui ogni cosa \u00e8 incredibile e romantica!<br \/>Noi organizziamo proprio questo: una giornata perfetta da ricordare per sempre, senza imprevisti, circondati solo da bellezza e amore!<\/p>\n<\/div>\n<\/div><\/div><\/div><\/div><\/div><div id=\"pg-4533-2\"  class=\"panel-grid panel-has-style\" ><div id=\"page-list\" class=\"panel-row-style panel-row-style-for-4533-2\" ><div id=\"pgc-4533-2-0\"  class=\"panel-grid-cell\" ><div id=\"panel-4533-2-0-0\" class=\"so-panel widget widget_sow-editor panel-first-child panel-last-child\" data-index=\"2\" ><div\n\t\t\t\n\t\t\tclass=\"so-widget-sow-editor so-widget-sow-editor-base\"\n\t\t\t\n\t\t><h3 class=\"widget-title\">A chi \u00e8 rivolto<\/h3>\n<div class=\"siteorigin-widget-tinymce textwidget\">\n\t<p>\u00c8 rivolto a chi vuole stupire la propria fidanzata o il proprio fidanzato con una meravigliosa dichiarazione d\u2019amore a sorpresa ed una proposta di matrimonio.<\/p>\n<p>Questo servizio \u00e8 pensato per chi ama le emozioni e ama stupire, per gli animi romantici e coraggiosi che desiderano creare qualcosa di unico e speciale per la persona che amano!<\/p>\n<p>La risposta? Non potr\u00e0 che essere \u201cS\u00ec\u201d!<\/p>\n<\/div>\n<\/div><\/div><\/div><\/div><\/div><div id=\"pg-4533-3\"  class=\"panel-grid panel-has-style\" ><div class=\"margin panel-row-style panel-row-style-for-4533-3\" id=\"service-grid\" ><div id=\"pgc-4533-3-0\"  class=\"panel-grid-cell\" ><div id=\"panel-4533-3-0-0\" class=\"so-panel widget widget_sow-editor panel-first-child\" data-index=\"3\" ><div\n\t\t\t\n\t\t\tclass=\"so-widget-sow-editor so-widget-sow-editor-base\"\n\t\t\t\n\t\t><h3 class=\"widget-title\">Cosa Comprende<\/h3>\n<div class=\"siteorigin-widget-tinymce textwidget\">\n\t<\/div>\n<\/div><\/div><div id=\"panel-4533-3-0-1\" class=\"so-panel widget widget_sow-editor panel-last-child\" data-index=\"4\" ><div class=\"singular panel-widget-style panel-widget-style-for-4533-3-0-1\" id=\"simple-txt\" ><div\n\t\t\t\n\t\t\tclass=\"so-widget-sow-editor so-widget-sow-editor-base\"\n\t\t\t\n\t\t>\n<div class=\"siteorigin-widget-tinymce textwidget\">\n\t<p>Vi aiuteremo nella scelta della location perfetta per la proposta di matrimonio.<br \/>La Toscana offre infinite idee grazie agli incantevoli paesaggi in campagna, in collina, al mare, in spiaggia ed in montagna. C\u2019\u00e8 l\u2019imbarazzo della scelta ed ogni stagione \u00e8 quella giusta!<\/p>\n<p>Curiamo infatti ogni singolo aspetto: dal design dell\u2019evento creando un set allestito in modo impeccabile, fino all\u2019ingaggio di artisti come violinisti, cantanti, attori e ballerini. Ti seguiremo nella scelta dell\u2019anello di fidanzamento, cos\u00ec siamo certi che sceglierai quello giusto! Ti ascolteremo e realizzeremo i tuoi desideri facendo sentire la tua dolce met\u00e0 felice e coccolata.<\/p>\n<p>Il nostro e il vostro obiettivo \u00e8 rendere sensazionale e unica la proposta di matrimonio. Potrai dare libero sfogo alle tue idee ed insieme creeremo una giornata meravigliosa e irripetibile! Un Proposal riuscito \u00e8 un proposal che coglie di sorpresa l\u2019altro facendolo emozionare e lasciandolo incantato.<\/p>\n<p>Possiamo organizzare il Proposal all\u2019aperto o all\u2019interno di una Location, l\u2019atmosfera pu\u00f2 essere intima o possiamo coinvolgere amici e parenti in un evento memorabile. Non mancheranno fotografi e videomaker per immortalare le emozioni e i ricordi di quel giorno e per i pi\u00f9 esigenti abbiamo anche la possibilit\u00e0 di una ripresa aerea con il drone! Saremo presenti in Location quel giorno per far s\u00ec che ogni cosa sia perfetta, ma saremo invisibili cos\u00ec l\u2019atmosfera sar\u00e0 naturale e sorprendente.<\/p>\n<p>Siamo pronti ad ascoltare le idee dei nostri clienti romantici e coraggiosi e a trasformarle in realt\u00e0 con un pizzico di magia e l\u2019occhio sempre attento al budget stabilito!<\/p>\n<\/div>\n<\/div><\/div><\/div><\/div><\/div><\/div><div id=\"pg-4533-4\"  class=\"panel-grid panel-has-style\" ><div id=\"signature-quote\" class=\"panel-row-style panel-row-style-for-4533-4\" ><div id=\"pgc-4533-4-0\"  class=\"panel-grid-cell\" ><div id=\"panel-4533-4-0-0\" class=\"so-panel widget widget_sow-editor panel-first-child panel-last-child\" data-index=\"5\" ><div\n\t\t\t\n\t\t\tclass=\"so-widget-sow-editor so-widget-sow-editor-base\"\n\t\t\t\n\t\t>\n<div class=\"siteorigin-widget-tinymce textwidget\">\n\t<p style=\"text-align: center;\">He asked...<br \/>she said yes!<\/p>\n<\/div>\n<\/div><\/div><\/div><\/div><\/div><div id=\"pg-4533-5\"  class=\"panel-grid panel-has-style\" ><div id=\"contact-area\" class=\"panel-row-style panel-row-style-for-4533-5\" ><div id=\"pgc-4533-5-0\"  class=\"panel-grid-cell\" ><div id=\"panel-4533-5-0-0\" class=\"so-panel widget widget_sow-editor panel-first-child panel-last-child\" data-index=\"6\" ><div\n\t\t\t\n\t\t\tclass=\"so-widget-sow-editor so-widget-sow-editor-base\"\n\t\t\t\n\t\t><h3 class=\"widget-title\">Ti aiutiamo noi?<\/h3>\n<div class=\"siteorigin-widget-tinymce textwidget\">\n\t<p style=\"text-align: center;\"><em>Scrivici e raccontaci tutti i dettagli, ti ricontatteremo quanto prima!<\/em><\/p>\n\n<div class=\"wpcf7 no-js\" id=\"wpcf7-f283-o1\" lang=\"it-IT\" dir=\"ltr\">\n<div class=\"screen-reader-response\"><p role=\"status\" aria-live=\"polite\" aria-atomic=\"true\"><\/p> <ul><\/ul><\/div>\n<form action=\"\/it\/wp-json\/wp\/v2\/pages\/4533#wpcf7-f283-o1\" method=\"post\" class=\"wpcf7-form init\" aria-label=\"Contact form\" novalidate=\"novalidate\" data-status=\"init\">\n<div style=\"display: none;\">\n<input type=\"hidden\" name=\"_wpcf7\" value=\"283\" \/>\n<input type=\"hidden\" name=\"_wpcf7_version\" value=\"5.8.5\" \/>\n<input type=\"hidden\" name=\"_wpcf7_locale\" value=\"it_IT\" \/>\n<input type=\"hidden\" name=\"_wpcf7_unit_tag\" value=\"wpcf7-f283-o1\" \/>\n<input type=\"hidden\" name=\"_wpcf7_container_post\" value=\"0\" \/>\n<input type=\"hidden\" name=\"_wpcf7_posted_data_hash\" value=\"\" \/>\n<input type=\"hidden\" name=\"_wpcf7_recaptcha_response\" value=\"\" \/>\n<\/div>\n<div class=\"form-left\">\n\t<p><span class=\"wpcf7-form-control-wrap\" data-name=\"your-name\"><input size=\"40\" class=\"wpcf7-form-control wpcf7-text wpcf7-validates-as-required\" aria-required=\"true\" aria-invalid=\"false\" placeholder=\"Il tuo nome*\" value=\"\" type=\"text\" name=\"your-name\" \/><\/span><br \/>\n<span class=\"wpcf7-form-control-wrap\" data-name=\"your-email\"><input size=\"40\" class=\"wpcf7-form-control wpcf7-email wpcf7-validates-as-required wpcf7-text wpcf7-validates-as-email\" aria-required=\"true\" aria-invalid=\"false\" placeholder=\"Il tuo indirizzo e-mail*\" value=\"\" type=\"email\" name=\"your-email\" \/><\/span><br \/>\n<span class=\"wpcf7-form-control-wrap\" data-name=\"your-subject\"><input class=\"wpcf7-form-control wpcf7-date wpcf7-validates-as-date\" aria-invalid=\"false\" placeholder=\"Quando vorresti sposarti?\" value=\"\" type=\"date\" name=\"your-subject\" \/><\/span>\n\t<\/p>\n<\/div>\n<div class=\"form-right\">\n\t<p><span class=\"wpcf7-form-control-wrap\" data-name=\"your-message\"><textarea cols=\"40\" rows=\"10\" class=\"wpcf7-form-control wpcf7-textarea\" aria-invalid=\"false\" placeholder=\"Il tuo messaggio...*\" name=\"your-message\"><\/textarea><\/span>\n\t<\/p>\n<\/div>\n<p><span class=\"wpcf7-form-control-wrap\" data-name=\"acceptance-480\"><span class=\"wpcf7-form-control wpcf7-acceptance\"><span class=\"wpcf7-list-item\"><input type=\"checkbox\" name=\"acceptance-480\" value=\"1\" aria-invalid=\"false\" \/><\/span><\/span><\/span><i>Spunta questa casella accettare i termini della mia <a href=\"\/privacy\/\">Privacy Policy<\/a><\/i><br \/>\n<input class=\"wpcf7-form-control wpcf7-submit has-spinner\" type=\"submit\" value=\"Invia!\" \/>\n<\/p><div class=\"wpcf7-response-output\" aria-hidden=\"true\"><\/div>\n<\/form>\n<\/div>\n\n<\/div>\n<\/div><\/div><\/div><\/div><\/div><\/div>","protected":false},"excerpt":{"rendered":"<p>Proposal \u00e8 la parola inglese che indica la Proposta di Matrimonio!Ed \u00e8 quel momento perfetto ed incredibilmente romantico in cui un ragazzo o una ragazza chiede alla persona che ama di passare il resto della vita insieme. Come nei film [&hellip;]<\/p>\n","protected":false},"author":1,"featured_media":0,"parent":9,"menu_order":0,"comment_status":"closed","ping_status":"closed","template":"largetitle-page.php","meta":{"_monsterinsights_skip_tracking":false,"_monsterinsights_sitenote_active":false,"_monsterinsights_sitenote_note":"","_monsterinsights_sitenote_category":0,"footnotes":""},"_links":{"self":[{"href":"https:\/\/www.caterinaweddings.com\/it\/wp-json\/wp\/v2\/pages\/4533"}],"collection":[{"href":"https:\/\/www.caterinaweddings.com\/it\/wp-json\/wp\/v2\/pages"}],"about":[{"href":"https:\/\/www.caterinaweddings.com\/it\/wp-json\/wp\/v2\/types\/page"}],"author":[{"embeddable":true,"href":"https:\/\/www.caterinaweddings.com\/it\/wp-json\/wp\/v2\/users\/1"}],"replies":[{"embeddable":true,"href":"https:\/\/www.caterinaweddings.com\/it\/wp-json\/wp\/v2\/comments?post=4533"}],"version-history":[{"count":4,"href":"https:\/\/www.caterinaweddings.com\/it\/wp-json\/wp\/v2\/pages\/4533\/revisions"}],"predecessor-version":[{"id":5066,"href":"https:\/\/www.caterinaweddings.com\/it\/wp-json\/wp\/v2\/pages\/4533\/revisions\/5066"}],"up":[{"embeddable":true,"href":"https:\/\/www.caterinaweddings.com\/it\/wp-json\/wp\/v2\/pages\/9"}],"wp:attachment":[{"href":"https:\/\/www.caterinaweddings.com\/it\/wp-json\/wp\/v2\/media?parent=4533"}],"curies":[{"name":"wp","href":"https:\/\/api.w.org\/{rel}","templated":true}]}}