{"id":29,"date":"2018-07-17T17:07:28","date_gmt":"2018-07-17T16:07:28","guid":{"rendered":"https:\/\/www.mielcafedesign.com\/cwdesign\/?page_id=29"},"modified":"2019-01-21T10:16:08","modified_gmt":"2019-01-21T09:16:08","slug":"chi-siamo","status":"publish","type":"page","link":"https:\/\/www.caterinaweddings.com\/it\/chi-siamo\/","title":{"rendered":"About"},"content":{"rendered":"<div id=\"pl-29\"  class=\"panel-layout\" ><div id=\"pg-29-0\"  class=\"panel-grid panel-has-style\" ><div id=\"about-intro-img\" class=\"panel-row-style panel-row-style-for-29-0\" ><div id=\"pgc-29-0-0\"  class=\"panel-grid-cell\" ><div id=\"panel-29-0-0-0\" class=\"so-panel widget widget_sow-image panel-first-child\" data-index=\"0\" ><div\n\t\t\t\n\t\t\tclass=\"so-widget-sow-image so-widget-sow-image-default-8b5b6f678277-29\"\n\t\t\t\n\t\t>\n\n<div class=\"sow-image-container\">\n\t\t<img decoding=\"async\" src=\"https:\/\/www.caterinaweddings.com\/it\/wp-content\/uploads\/sites\/2\/2018\/07\/Caterina-Weddings-Event-And-Wedding-Design-About-Caterina-Testardi.jpg\" width=\"3000\" height=\"2000\" srcset=\"https:\/\/www.caterinaweddings.com\/it\/wp-content\/uploads\/sites\/2\/2018\/07\/Caterina-Weddings-Event-And-Wedding-Design-About-Caterina-Testardi.jpg 3000w, https:\/\/www.caterinaweddings.com\/it\/wp-content\/uploads\/sites\/2\/2018\/07\/Caterina-Weddings-Event-And-Wedding-Design-About-Caterina-Testardi-300x200.jpg 300w, https:\/\/www.caterinaweddings.com\/it\/wp-content\/uploads\/sites\/2\/2018\/07\/Caterina-Weddings-Event-And-Wedding-Design-About-Caterina-Testardi-768x512.jpg 768w, https:\/\/www.caterinaweddings.com\/it\/wp-content\/uploads\/sites\/2\/2018\/07\/Caterina-Weddings-Event-And-Wedding-Design-About-Caterina-Testardi-1024x683.jpg 1024w, https:\/\/www.caterinaweddings.com\/it\/wp-content\/uploads\/sites\/2\/2018\/07\/Caterina-Weddings-Event-And-Wedding-Design-About-Caterina-Testardi-1568x1045.jpg 1568w, https:\/\/www.caterinaweddings.com\/it\/wp-content\/uploads\/sites\/2\/2018\/07\/Caterina-Weddings-Event-And-Wedding-Design-About-Caterina-Testardi-250x167.jpg 250w, https:\/\/www.caterinaweddings.com\/it\/wp-content\/uploads\/sites\/2\/2018\/07\/Caterina-Weddings-Event-And-Wedding-Design-About-Caterina-Testardi-550x367.jpg 550w, https:\/\/www.caterinaweddings.com\/it\/wp-content\/uploads\/sites\/2\/2018\/07\/Caterina-Weddings-Event-And-Wedding-Design-About-Caterina-Testardi-800x533.jpg 800w, https:\/\/www.caterinaweddings.com\/it\/wp-content\/uploads\/sites\/2\/2018\/07\/Caterina-Weddings-Event-And-Wedding-Design-About-Caterina-Testardi-270x180.jpg 270w, https:\/\/www.caterinaweddings.com\/it\/wp-content\/uploads\/sites\/2\/2018\/07\/Caterina-Weddings-Event-And-Wedding-Design-About-Caterina-Testardi-450x300.jpg 450w, https:\/\/www.caterinaweddings.com\/it\/wp-content\/uploads\/sites\/2\/2018\/07\/Caterina-Weddings-Event-And-Wedding-Design-About-Caterina-Testardi-750x500.jpg 750w, https:\/\/www.caterinaweddings.com\/it\/wp-content\/uploads\/sites\/2\/2018\/07\/Caterina-Weddings-Event-And-Wedding-Design-About-Caterina-Testardi-272x182.jpg 272w\" sizes=\"(max-width: 3000px) 100vw, 3000px\" alt=\"\" loading=\"lazy\" \t\tclass=\"so-widget-image\"\/>\n\t<\/div>\n\n<\/div><\/div><div id=\"panel-29-0-0-1\" class=\"so-panel widget widget_sow-editor panel-last-child\" data-index=\"1\" ><div\n\t\t\t\n\t\t\tclass=\"so-widget-sow-editor so-widget-sow-editor-base\"\n\t\t\t\n\t\t>\n<div class=\"siteorigin-widget-tinymce textwidget\">\n\t<h2>Mi chiamo <span class=\"clip\">Caterina Testardi<\/span><\/h2>\n<p>Sono una <em>Wedding Planner<\/em> ed una <em>Wedding Designer<\/em>. Organizzo matrimoni per coppie italiane e straniere realizzando i loro piccoli e grandi desideri.<\/p>\n<\/div>\n<\/div><\/div><\/div><\/div><\/div><div id=\"pg-29-1\"  class=\"panel-grid panel-has-style\" ><div class=\"page-about panel-row-style panel-row-style-for-29-1\" id=\"landing-about-wrapper\" ><div id=\"pgc-29-1-0\"  class=\"panel-grid-cell\" ><div id=\"panel-29-1-0-0\" class=\"so-panel widget widget_siteorigin-panels-builder panel-first-child panel-last-child\" data-index=\"2\" ><div class=\"margin panel-widget-style panel-widget-style-for-29-1-0-0\" id=\"landing-about\" ><div id=\"pl-w5c4217b932ae4\"  class=\"panel-layout\" ><div id=\"pg-w5c4217b932ae4-0\"  class=\"panel-grid panel-no-style\" ><div id=\"pgc-w5c4217b932ae4-0-0\"  class=\"panel-grid-cell\" ><div id=\"panel-w5c4217b932ae4-0-0-0\" class=\"so-panel widget widget_sow-image panel-first-child panel-last-child\" data-index=\"0\" ><div\n\t\t\t\n\t\t\tclass=\"so-widget-sow-image so-widget-sow-image-default-8b5b6f678277-29\"\n\t\t\t\n\t\t>\n\n<div class=\"sow-image-container\">\n\t\t<img decoding=\"async\" src=\"https:\/\/www.caterinaweddings.com\/it\/wp-content\/uploads\/sites\/2\/2019\/01\/Caterina-Weddings-Event-And-Wedding-Design-Caterina-Testardi.jpg\" width=\"800\" height=\"1200\" srcset=\"https:\/\/www.caterinaweddings.com\/it\/wp-content\/uploads\/sites\/2\/2019\/01\/Caterina-Weddings-Event-And-Wedding-Design-Caterina-Testardi.jpg 800w, https:\/\/www.caterinaweddings.com\/it\/wp-content\/uploads\/sites\/2\/2019\/01\/Caterina-Weddings-Event-And-Wedding-Design-Caterina-Testardi-200x300.jpg 200w, https:\/\/www.caterinaweddings.com\/it\/wp-content\/uploads\/sites\/2\/2019\/01\/Caterina-Weddings-Event-And-Wedding-Design-Caterina-Testardi-768x1152.jpg 768w, https:\/\/www.caterinaweddings.com\/it\/wp-content\/uploads\/sites\/2\/2019\/01\/Caterina-Weddings-Event-And-Wedding-Design-Caterina-Testardi-683x1024.jpg 683w, https:\/\/www.caterinaweddings.com\/it\/wp-content\/uploads\/sites\/2\/2019\/01\/Caterina-Weddings-Event-And-Wedding-Design-Caterina-Testardi-250x375.jpg 250w, https:\/\/www.caterinaweddings.com\/it\/wp-content\/uploads\/sites\/2\/2019\/01\/Caterina-Weddings-Event-And-Wedding-Design-Caterina-Testardi-550x825.jpg 550w, https:\/\/www.caterinaweddings.com\/it\/wp-content\/uploads\/sites\/2\/2019\/01\/Caterina-Weddings-Event-And-Wedding-Design-Caterina-Testardi-120x180.jpg 120w, https:\/\/www.caterinaweddings.com\/it\/wp-content\/uploads\/sites\/2\/2019\/01\/Caterina-Weddings-Event-And-Wedding-Design-Caterina-Testardi-333x500.jpg 333w\" sizes=\"(max-width: 800px) 100vw, 800px\" alt=\"\" loading=\"lazy\" \t\tclass=\"so-widget-image\"\/>\n\t<\/div>\n\n<\/div><\/div><\/div><div id=\"pgc-w5c4217b932ae4-0-1\"  class=\"panel-grid-cell\" ><div id=\"panel-w5c4217b932ae4-0-1-0\" class=\"so-panel widget widget_sow-editor panel-first-child panel-last-child\" data-index=\"1\" ><div\n\t\t\t\n\t\t\tclass=\"so-widget-sow-editor so-widget-sow-editor-base\"\n\t\t\t\n\t\t>\n<div class=\"siteorigin-widget-tinymce textwidget\">\n\t<p>La mia missione \u00e8 far s\u00ec che tutto sia perfetto ed esclusivo nel pieno rispetto del budget, del gusto e della personalit\u00e0 dei miei sposi.<\/p>\n<p>Creo l\u2019evento direttamente con gli sposi ascoltandoli con estrema attenzione e cercando di capire quello che veramente desiderano, dopodich\u00e9 progetto quel giorno con cura ed attenzione a tutti i particolari. Amo dar vita ad un evento unico e capace di raccontare tutto di loro e che sia a loro immagine e somiglianza.<\/p>\n<p>Nessuno dei miei matrimoni \u00e8 uguale all\u2019altro perch\u00e8 ogni coppia di sposi \u00e8 unica!<\/p>\n<\/div>\n<\/div><\/div><\/div><\/div><\/div><\/div><\/div><\/div><\/div><\/div><div id=\"pg-29-2\"  class=\"panel-grid panel-has-style\" ><div id=\"large-img\" class=\"panel-row-style panel-row-style-for-29-2\" ><div id=\"pgc-29-2-0\"  class=\"panel-grid-cell\" ><div id=\"panel-29-2-0-0\" class=\"so-panel widget widget_sow-image panel-first-child panel-last-child\" data-index=\"3\" ><div\n\t\t\t\n\t\t\tclass=\"so-widget-sow-image so-widget-sow-image-default-8b5b6f678277-29\"\n\t\t\t\n\t\t>\n\n<div class=\"sow-image-container\">\n\t\t<img decoding=\"async\" src=\"https:\/\/www.caterinaweddings.com\/it\/wp-content\/uploads\/sites\/2\/2018\/07\/Caterina-Weddings-Event-And-Wedding-Design-Caterina-Testardi-Office.jpg\" width=\"3000\" height=\"2000\" srcset=\"https:\/\/www.caterinaweddings.com\/it\/wp-content\/uploads\/sites\/2\/2018\/07\/Caterina-Weddings-Event-And-Wedding-Design-Caterina-Testardi-Office.jpg 3000w, https:\/\/www.caterinaweddings.com\/it\/wp-content\/uploads\/sites\/2\/2018\/07\/Caterina-Weddings-Event-And-Wedding-Design-Caterina-Testardi-Office-300x200.jpg 300w, https:\/\/www.caterinaweddings.com\/it\/wp-content\/uploads\/sites\/2\/2018\/07\/Caterina-Weddings-Event-And-Wedding-Design-Caterina-Testardi-Office-768x512.jpg 768w, https:\/\/www.caterinaweddings.com\/it\/wp-content\/uploads\/sites\/2\/2018\/07\/Caterina-Weddings-Event-And-Wedding-Design-Caterina-Testardi-Office-1024x683.jpg 1024w, https:\/\/www.caterinaweddings.com\/it\/wp-content\/uploads\/sites\/2\/2018\/07\/Caterina-Weddings-Event-And-Wedding-Design-Caterina-Testardi-Office-1568x1045.jpg 1568w, https:\/\/www.caterinaweddings.com\/it\/wp-content\/uploads\/sites\/2\/2018\/07\/Caterina-Weddings-Event-And-Wedding-Design-Caterina-Testardi-Office-250x167.jpg 250w, https:\/\/www.caterinaweddings.com\/it\/wp-content\/uploads\/sites\/2\/2018\/07\/Caterina-Weddings-Event-And-Wedding-Design-Caterina-Testardi-Office-550x367.jpg 550w, https:\/\/www.caterinaweddings.com\/it\/wp-content\/uploads\/sites\/2\/2018\/07\/Caterina-Weddings-Event-And-Wedding-Design-Caterina-Testardi-Office-800x533.jpg 800w, https:\/\/www.caterinaweddings.com\/it\/wp-content\/uploads\/sites\/2\/2018\/07\/Caterina-Weddings-Event-And-Wedding-Design-Caterina-Testardi-Office-270x180.jpg 270w, https:\/\/www.caterinaweddings.com\/it\/wp-content\/uploads\/sites\/2\/2018\/07\/Caterina-Weddings-Event-And-Wedding-Design-Caterina-Testardi-Office-450x300.jpg 450w, https:\/\/www.caterinaweddings.com\/it\/wp-content\/uploads\/sites\/2\/2018\/07\/Caterina-Weddings-Event-And-Wedding-Design-Caterina-Testardi-Office-750x500.jpg 750w, https:\/\/www.caterinaweddings.com\/it\/wp-content\/uploads\/sites\/2\/2018\/07\/Caterina-Weddings-Event-And-Wedding-Design-Caterina-Testardi-Office-272x182.jpg 272w\" sizes=\"(max-width: 3000px) 100vw, 3000px\" alt=\"\" loading=\"lazy\" \t\tclass=\"so-widget-image\"\/>\n\t<\/div>\n\n<\/div><\/div><\/div><\/div><\/div><div id=\"pg-29-3\"  class=\"panel-grid panel-has-style\" ><div class=\"overlay margin page-txt-about panel-row-style panel-row-style-for-29-3\" id=\"page-txt\" ><div id=\"pgc-29-3-0\"  class=\"panel-grid-cell\" ><div id=\"panel-29-3-0-0\" class=\"so-panel widget widget_sow-editor panel-first-child panel-last-child\" data-index=\"4\" ><div id=\"about-story\" class=\"panel-widget-style panel-widget-style-for-29-3-0-0\" ><div\n\t\t\t\n\t\t\tclass=\"so-widget-sow-editor so-widget-sow-editor-base\"\n\t\t\t\n\t\t><h3 class=\"widget-title\">La Mia Storia<\/h3>\n<div class=\"siteorigin-widget-tinymce textwidget\">\n\t<p>Sono nata a Pisa, in Toscana, terra che amo e di cui adoro valorizzarne la bellezza e la storia secolare. Sono curiosa ed amo andare alla ricerca di cose nuove e belle, e tutto ci\u00f2 che mi affascina diventa per me una costante fonte di ispirazione.<\/p>\n<p>Amo sorridere ma soprattutto ricevere sorrisi! Sono da sempre convinta che ognuno di noi abbia qualcosa da insegnare, nella vita e nel lavoro, e che per questo valga la pena ascoltare tutti con grande curiosit\u00e0! Ho un\u2019inclinazione naturale nel capire l\u2019animo delle persone che ho di fronte e questo mi aiuta a trasformare in realt\u00e0 i loro sogni.<\/p>\n<p>Mi sono laureata in Scienze dell\u2019amministrazione ed economia di mercato e cos\u00ec ho sviluppato la capacit\u00e0 di far quadrare sempre i conti dei miei clienti accogliendo le loro richieste ma con un occhio sempre attento al budget stabilito. Ho iniziato a lavorare come Wedding Planner dopo aver organizzato con tanta creativit\u00e0 e passione il mio matrimonio nel 2009 e da allora mi occupo e realizzo i miei eventi con la stessa cura e dedizione.<\/p>\n<p>Sono un\u2019inguaribile romantica ma con la mente analitica, lucida e concreta e soprattutto con una grande esperienza sul campo. Il mio compito \u00e8 far s\u00ec che tutto sia perfetto, prevenire gli imprevisti e risolvere i problemi non appena si presentano. Cerco sempre di non perdere mai la calma perch\u00e8 riesco ad avere sempre la situazione sotto controllo e soprattutto non perdo mai il sorriso! I protagonisti di quel giorno speciale sono gli sposi ed io mi impegno al massimo per regalare loro tutta la felicit\u00e0 che meritano!<\/p>\n<p>Col tempo ho selezionato i migliori fornitori per garantire un servizio impeccabile e di alto livello. Grazie alla mia esperienza sono in grado di ottimizzare il vostro budget facendovi risparmiare tempo prezioso ed inutile stress.<\/p>\n<\/div>\n<\/div><\/div><\/div><\/div><\/div><\/div><div id=\"pg-29-4\"  class=\"panel-grid panel-no-style\" ><div id=\"pgc-29-4-0\"  class=\"panel-grid-cell\" ><div id=\"panel-29-4-0-0\" class=\"so-panel widget widget_sow-editor panel-first-child panel-last-child\" data-index=\"5\" ><div\n\t\t\t\n\t\t\tclass=\"so-widget-sow-editor so-widget-sow-editor-base\"\n\t\t\t\n\t\t>\n<div class=\"siteorigin-widget-tinymce textwidget\">\n\t<div class=\"newsletter\">\n\t<div class=\"newsletter-details\"><\/div>\n\t<div class=\"newsletter-content\">\n\t\t<p>Abbiamo creato un\u2019agenda che ti guider\u00e0 attraverso tutte le fasi necessarie a pianificare e realizzare un matrimonio da sogno! Si chiama \"My Wedding Plan\" e puoi scaricarla gratuitamente: dentro trovi i miei consigli, la lista di tutte le scadenze da ricordare e molto altro ancora!<\/p>\n\t\t<center>[yikes-mailchimp form='1']<\/center>\n\t<\/div>\n<\/div>\n<\/div>\n<\/div><\/div><\/div><\/div><div id=\"pg-29-5\"  class=\"panel-grid panel-has-style\" ><div class=\"margin back2 back3 panel-row-style panel-row-style-for-29-5\" id=\"about-team\" ><div id=\"pgc-29-5-0\"  class=\"panel-grid-cell\" ><div id=\"panel-29-5-0-0\" class=\"so-panel widget widget_siteorigin-panels-builder panel-first-child panel-last-child\" data-index=\"6\" ><div id=\"pl-w5b584c722e2e6\"  class=\"panel-layout\" ><div id=\"pg-w5b584c722e2e6-0\"  class=\"panel-grid panel-no-style\" ><div id=\"pgc-w5b584c722e2e6-0-0\"  class=\"panel-grid-cell\" ><div id=\"panel-w5b584c722e2e6-0-0-0\" class=\"so-panel widget widget_sow-image panel-first-child panel-last-child\" data-index=\"0\" ><div\n\t\t\t\n\t\t\tclass=\"so-widget-sow-image so-widget-sow-image-default-8b5b6f678277-29\"\n\t\t\t\n\t\t>\n\n<div class=\"sow-image-container\">\n\t\t<img decoding=\"async\" src=\"https:\/\/www.caterinaweddings.com\/it\/wp-content\/uploads\/sites\/2\/2018\/07\/Caterina-Weddings-Event-And-Wedding-Design-Team.jpg\" alt=\"\" loading=\"lazy\" \t\tclass=\"so-widget-image\"\/>\n\t<\/div>\n\n<\/div><\/div><\/div><div id=\"pgc-w5b584c722e2e6-0-1\"  class=\"panel-grid-cell\" ><div id=\"panel-w5b584c722e2e6-0-1-0\" class=\"so-panel widget widget_sow-image panel-first-child panel-last-child\" data-index=\"1\" ><div\n\t\t\t\n\t\t\tclass=\"so-widget-sow-image so-widget-sow-image-default-8b5b6f678277-29\"\n\t\t\t\n\t\t>\n\n<div class=\"sow-image-container\">\n\t\t<img decoding=\"async\" src=\"https:\/\/www.caterinaweddings.com\/it\/wp-content\/uploads\/sites\/2\/2018\/07\/Caterina-Weddings-Event-And-Wedding-Design-Caterina-Testardi-Team.jpg\" width=\"800\" height=\"533\" srcset=\"https:\/\/www.caterinaweddings.com\/it\/wp-content\/uploads\/sites\/2\/2018\/07\/Caterina-Weddings-Event-And-Wedding-Design-Caterina-Testardi-Team.jpg 800w, https:\/\/www.caterinaweddings.com\/it\/wp-content\/uploads\/sites\/2\/2018\/07\/Caterina-Weddings-Event-And-Wedding-Design-Caterina-Testardi-Team-300x200.jpg 300w, https:\/\/www.caterinaweddings.com\/it\/wp-content\/uploads\/sites\/2\/2018\/07\/Caterina-Weddings-Event-And-Wedding-Design-Caterina-Testardi-Team-768x512.jpg 768w, https:\/\/www.caterinaweddings.com\/it\/wp-content\/uploads\/sites\/2\/2018\/07\/Caterina-Weddings-Event-And-Wedding-Design-Caterina-Testardi-Team-250x167.jpg 250w, https:\/\/www.caterinaweddings.com\/it\/wp-content\/uploads\/sites\/2\/2018\/07\/Caterina-Weddings-Event-And-Wedding-Design-Caterina-Testardi-Team-550x366.jpg 550w, https:\/\/www.caterinaweddings.com\/it\/wp-content\/uploads\/sites\/2\/2018\/07\/Caterina-Weddings-Event-And-Wedding-Design-Caterina-Testardi-Team-270x180.jpg 270w, https:\/\/www.caterinaweddings.com\/it\/wp-content\/uploads\/sites\/2\/2018\/07\/Caterina-Weddings-Event-And-Wedding-Design-Caterina-Testardi-Team-450x300.jpg 450w, https:\/\/www.caterinaweddings.com\/it\/wp-content\/uploads\/sites\/2\/2018\/07\/Caterina-Weddings-Event-And-Wedding-Design-Caterina-Testardi-Team-750x500.jpg 750w, https:\/\/www.caterinaweddings.com\/it\/wp-content\/uploads\/sites\/2\/2018\/07\/Caterina-Weddings-Event-And-Wedding-Design-Caterina-Testardi-Team-272x182.jpg 272w\" sizes=\"(max-width: 800px) 100vw, 800px\" alt=\"\" loading=\"lazy\" \t\tclass=\"so-widget-image\"\/>\n\t<\/div>\n\n<\/div><\/div><\/div><div id=\"pgc-w5b584c722e2e6-0-2\"  class=\"panel-grid-cell\" ><div id=\"panel-w5b584c722e2e6-0-2-0\" class=\"so-panel widget widget_sow-image panel-first-child panel-last-child\" data-index=\"2\" ><div\n\t\t\t\n\t\t\tclass=\"so-widget-sow-image so-widget-sow-image-default-8b5b6f678277-29\"\n\t\t\t\n\t\t>\n\n<div class=\"sow-image-container\">\n\t\t<img decoding=\"async\" src=\"https:\/\/www.caterinaweddings.com\/it\/wp-content\/uploads\/sites\/2\/2018\/07\/Caterina-Weddings-Event-And-Wedding-Design-Caterina-Testardi-Team1.jpg\" width=\"800\" height=\"533\" srcset=\"https:\/\/www.caterinaweddings.com\/it\/wp-content\/uploads\/sites\/2\/2018\/07\/Caterina-Weddings-Event-And-Wedding-Design-Caterina-Testardi-Team1.jpg 800w, https:\/\/www.caterinaweddings.com\/it\/wp-content\/uploads\/sites\/2\/2018\/07\/Caterina-Weddings-Event-And-Wedding-Design-Caterina-Testardi-Team1-300x200.jpg 300w, https:\/\/www.caterinaweddings.com\/it\/wp-content\/uploads\/sites\/2\/2018\/07\/Caterina-Weddings-Event-And-Wedding-Design-Caterina-Testardi-Team1-768x512.jpg 768w, https:\/\/www.caterinaweddings.com\/it\/wp-content\/uploads\/sites\/2\/2018\/07\/Caterina-Weddings-Event-And-Wedding-Design-Caterina-Testardi-Team1-250x167.jpg 250w, https:\/\/www.caterinaweddings.com\/it\/wp-content\/uploads\/sites\/2\/2018\/07\/Caterina-Weddings-Event-And-Wedding-Design-Caterina-Testardi-Team1-550x366.jpg 550w, https:\/\/www.caterinaweddings.com\/it\/wp-content\/uploads\/sites\/2\/2018\/07\/Caterina-Weddings-Event-And-Wedding-Design-Caterina-Testardi-Team1-270x180.jpg 270w, https:\/\/www.caterinaweddings.com\/it\/wp-content\/uploads\/sites\/2\/2018\/07\/Caterina-Weddings-Event-And-Wedding-Design-Caterina-Testardi-Team1-450x300.jpg 450w, https:\/\/www.caterinaweddings.com\/it\/wp-content\/uploads\/sites\/2\/2018\/07\/Caterina-Weddings-Event-And-Wedding-Design-Caterina-Testardi-Team1-750x500.jpg 750w, https:\/\/www.caterinaweddings.com\/it\/wp-content\/uploads\/sites\/2\/2018\/07\/Caterina-Weddings-Event-And-Wedding-Design-Caterina-Testardi-Team1-272x182.jpg 272w\" sizes=\"(max-width: 800px) 100vw, 800px\" alt=\"\" loading=\"lazy\" \t\tclass=\"so-widget-image\"\/>\n\t<\/div>\n\n<\/div><\/div><\/div><div id=\"pgc-w5b584c722e2e6-0-3\"  class=\"panel-grid-cell\" ><div id=\"panel-w5b584c722e2e6-0-3-0\" class=\"so-panel widget widget_sow-editor panel-first-child panel-last-child\" data-index=\"3\" ><div\n\t\t\t\n\t\t\tclass=\"so-widget-sow-editor so-widget-sow-editor-base\"\n\t\t\t\n\t\t>\n<div class=\"siteorigin-widget-tinymce textwidget\">\n\t<p>Non lavoro mai da sola perch\u00e8 sono pienamente convinta che l\u2019unione faccia la forza e che sia necessario delegare nel momento in cui non si \u00e8 in grado di svolgere un compito. Per questo motivo nel corso del Planning mi affido ad architetti, designer, light designer, sommeliere molti altri specialisti del settore.<\/p>\n<p>Il giorno dell\u2019evento sono affiancata dal mio prezioso team! Un team quasi interamente al femminile composto da ragazze creative, gentili ed affidabili. Ognuna delle mie ragazze ha il suo ruolo ben delineato all\u2019interno dell\u2019evento e questo mi permette non solo di tenere sotto controllo il lavoro di ogni singolo fornitore ma soprattutto di risolvere tempestivamente un imprevisto. Senza il loro sostegno mentale e materiale non potrei mai dare vita ad un sogno!<\/p>\n<\/div>\n<\/div><\/div><\/div><\/div><\/div><\/div><\/div><\/div><\/div><div id=\"pg-29-6\"  class=\"panel-grid panel-has-style\" ><div id=\"signature-quote\" class=\"panel-row-style panel-row-style-for-29-6\" ><div id=\"pgc-29-6-0\"  class=\"panel-grid-cell\" ><div id=\"panel-29-6-0-0\" class=\"so-panel widget widget_sow-editor panel-first-child panel-last-child\" data-index=\"7\" ><div class=\"margin panel-widget-style panel-widget-style-for-29-6-0-0\" ><div\n\t\t\t\n\t\t\tclass=\"so-widget-sow-editor so-widget-sow-editor-base\"\n\t\t\t\n\t\t>\n<div class=\"siteorigin-widget-tinymce textwidget\">\n\t<p style=\"text-align: center;\">Sii gentile e<br \/>abbi coraggio<\/p>\n<\/div>\n<\/div><\/div><\/div><\/div><\/div><\/div><div id=\"pg-29-7\"  class=\"panel-grid panel-has-style\" ><div id=\"contact-area\" class=\"panel-row-style panel-row-style-for-29-7\" ><div id=\"pgc-29-7-0\"  class=\"panel-grid-cell\" ><div id=\"panel-29-7-0-0\" class=\"so-panel widget widget_sow-editor panel-first-child panel-last-child\" data-index=\"8\" ><div\n\t\t\t\n\t\t\tclass=\"so-widget-sow-editor so-widget-sow-editor-base\"\n\t\t\t\n\t\t><h3 class=\"widget-title\">Cerchi una wedding planner?<\/h3>\n<div class=\"siteorigin-widget-tinymce textwidget\">\n\t<p style=\"text-align: center;\"><em>Scrivici e raccontaci tutti i dettagli, ti ricontatteremo quanto prima!<\/em><\/p>\n\n<div class=\"wpcf7 no-js\" id=\"wpcf7-f283-o1\" lang=\"it-IT\" dir=\"ltr\">\n<div class=\"screen-reader-response\"><p role=\"status\" aria-live=\"polite\" aria-atomic=\"true\"><\/p> <ul><\/ul><\/div>\n<form action=\"\/it\/wp-json\/wp\/v2\/pages\/29#wpcf7-f283-o1\" method=\"post\" class=\"wpcf7-form init\" aria-label=\"Contact form\" novalidate=\"novalidate\" data-status=\"init\">\n<div style=\"display: none;\">\n<input type=\"hidden\" name=\"_wpcf7\" value=\"283\" \/>\n<input type=\"hidden\" name=\"_wpcf7_version\" value=\"5.8.5\" \/>\n<input type=\"hidden\" name=\"_wpcf7_locale\" value=\"it_IT\" \/>\n<input type=\"hidden\" name=\"_wpcf7_unit_tag\" value=\"wpcf7-f283-o1\" \/>\n<input type=\"hidden\" name=\"_wpcf7_container_post\" value=\"0\" \/>\n<input type=\"hidden\" name=\"_wpcf7_posted_data_hash\" value=\"\" \/>\n<input type=\"hidden\" name=\"_wpcf7_recaptcha_response\" value=\"\" \/>\n<\/div>\n<div class=\"form-left\">\n\t<p><span class=\"wpcf7-form-control-wrap\" data-name=\"your-name\"><input size=\"40\" class=\"wpcf7-form-control wpcf7-text wpcf7-validates-as-required\" aria-required=\"true\" aria-invalid=\"false\" placeholder=\"Il tuo nome*\" value=\"\" type=\"text\" name=\"your-name\" \/><\/span><br \/>\n<span class=\"wpcf7-form-control-wrap\" data-name=\"your-email\"><input size=\"40\" class=\"wpcf7-form-control wpcf7-email wpcf7-validates-as-required wpcf7-text wpcf7-validates-as-email\" aria-required=\"true\" aria-invalid=\"false\" placeholder=\"Il tuo indirizzo e-mail*\" value=\"\" type=\"email\" name=\"your-email\" \/><\/span><br \/>\n<span class=\"wpcf7-form-control-wrap\" data-name=\"your-subject\"><input class=\"wpcf7-form-control wpcf7-date wpcf7-validates-as-date\" aria-invalid=\"false\" placeholder=\"Quando vorresti sposarti?\" value=\"\" type=\"date\" name=\"your-subject\" \/><\/span>\n\t<\/p>\n<\/div>\n<div class=\"form-right\">\n\t<p><span class=\"wpcf7-form-control-wrap\" data-name=\"your-message\"><textarea cols=\"40\" rows=\"10\" class=\"wpcf7-form-control wpcf7-textarea\" aria-invalid=\"false\" placeholder=\"Il tuo messaggio...*\" name=\"your-message\"><\/textarea><\/span>\n\t<\/p>\n<\/div>\n<p><span class=\"wpcf7-form-control-wrap\" data-name=\"acceptance-480\"><span class=\"wpcf7-form-control wpcf7-acceptance\"><span class=\"wpcf7-list-item\"><input type=\"checkbox\" name=\"acceptance-480\" value=\"1\" aria-invalid=\"false\" \/><\/span><\/span><\/span><i>Spunta questa casella accettare i termini della mia <a href=\"\/privacy\/\">Privacy Policy<\/a><\/i><br \/>\n<input class=\"wpcf7-form-control wpcf7-submit has-spinner\" type=\"submit\" value=\"Invia!\" \/>\n<\/p><div class=\"wpcf7-response-output\" aria-hidden=\"true\"><\/div>\n<\/form>\n<\/div>\n\n<\/div>\n<\/div><\/div><\/div><\/div><\/div><\/div>","protected":false},"excerpt":{"rendered":"<p>Mi chiamo Caterina Testardi Sono una Wedding Planner ed una Wedding Designer. Organizzo matrimoni per coppie italiane e straniere realizzando i loro piccoli e grandi desideri. La mia missione \u00e8 far s\u00ec che tutto sia perfetto ed esclusivo nel pieno [&hellip;]<\/p>\n","protected":false},"author":1,"featured_media":0,"parent":0,"menu_order":0,"comment_status":"closed","ping_status":"closed","template":"largenotitle-page.php","meta":{"_monsterinsights_skip_tracking":false,"_monsterinsights_sitenote_active":false,"_monsterinsights_sitenote_note":"","_monsterinsights_sitenote_category":0,"footnotes":""},"_links":{"self":[{"href":"https:\/\/www.caterinaweddings.com\/it\/wp-json\/wp\/v2\/pages\/29"}],"collection":[{"href":"https:\/\/www.caterinaweddings.com\/it\/wp-json\/wp\/v2\/pages"}],"about":[{"href":"https:\/\/www.caterinaweddings.com\/it\/wp-json\/wp\/v2\/types\/page"}],"author":[{"embeddable":true,"href":"https:\/\/www.caterinaweddings.com\/it\/wp-json\/wp\/v2\/users\/1"}],"replies":[{"embeddable":true,"href":"https:\/\/www.caterinaweddings.com\/it\/wp-json\/wp\/v2\/comments?post=29"}],"version-history":[{"count":6,"href":"https:\/\/www.caterinaweddings.com\/it\/wp-json\/wp\/v2\/pages\/29\/revisions"}],"predecessor-version":[{"id":5049,"href":"https:\/\/www.caterinaweddings.com\/it\/wp-json\/wp\/v2\/pages\/29\/revisions\/5049"}],"wp:attachment":[{"href":"https:\/\/www.caterinaweddings.com\/it\/wp-json\/wp\/v2\/media?parent=29"}],"curies":[{"name":"wp","href":"https:\/\/api.w.org\/{rel}","templated":true}]}}